{"id":21,"date":"2024-06-20T08:46:54","date_gmt":"2024-06-20T08:46:54","guid":{"rendered":"https:\/\/demo.casethemes.net\/industio\/?page_id=21"},"modified":"2025-09-01T11:10:12","modified_gmt":"2025-09-01T11:10:12","slug":"devis-gratuit-sd-group","status":"publish","type":"page","link":"https:\/\/sdgroup.sn\/en\/devis-gratuit-sd-group\/","title":{"rendered":"Devis gratuit"},"content":{"rendered":"<div data-elementor-type=\"wp-page\" data-elementor-id=\"21\" class=\"elementor elementor-21\" data-elementor-post-type=\"page\">\n\t\t\t\t        <section class=\"elementor-section elementor-top-section elementor-element elementor-element-f2c7be9 elementor-section-boxed elementor-section-height-default elementor-section-height-default pxl-row-scroll-none pxl-zoom-point-false pxl-section-overflow-visible pxl-section-fix-none pxl-bg-color-none pxl-section-overlay-none\" data-id=\"f2c7be9\" data-element_type=\"section\">\n\n                \n                <div class=\"elementor-container elementor-column-gap-extended\">\n                <div class=\"elementor-column elementor-col-100 elementor-top-column elementor-element elementor-element-93374eb pxl-column-none pxl-column-overflow-hidden-no\" data-id=\"93374eb\" data-element_type=\"column\">\r\n        <div class=\"elementor-widget-wrap elementor-element-populated\">\r\n                     \r\n        \t\t<div class=\"elementor-element elementor-element-6f6c228 elementor-widget-tablet_extra__width-initial elementor-widget elementor-widget-heading\" data-id=\"6f6c228\" data-element_type=\"widget\" data-widget_type=\"heading.default\">\n\t\t\t\t\t<h2 class=\"elementor-heading-title elementor-size-default\">DEMANDE DE DEVIS<\/h2>\t\t\t\t<\/div>\n\t\t\t\t<div class=\"elementor-element elementor-element-e173bc3 elementor-widget elementor-widget-text-editor\" data-id=\"e173bc3\" data-element_type=\"widget\" data-widget_type=\"text-editor.default\">\n\t\t\t\t\t\t\t\t\t<p data-start=\"479\" data-end=\"735\">Contactez-nous d\u00e8s maintenant pour obtenir une estimation adapt\u00e9e \u00e0 vos besoins. Notre \u00e9quipe est disponible pour vous conseiller et vous accompagner dans vos projets . Un expert vous r\u00e9pond sous 24h.<\/p><p data-start=\"737\" data-end=\"804\">\u00a0<\/p>\t\t\t\t\t\t\t\t<\/div>\n\t\t            <\/div>\r\n        <\/div>\r\n        \t\t\t<\/div>\n\t\t<\/section>\n\t\t        <section class=\"elementor-section elementor-top-section elementor-element elementor-element-2447d87 elementor-section-boxed elementor-section-height-default elementor-section-height-default pxl-row-scroll-none pxl-zoom-point-false pxl-section-overflow-visible pxl-section-fix-none pxl-bg-color-none pxl-section-overlay-none\" data-id=\"2447d87\" data-element_type=\"section\">\n\n                \n                <div class=\"elementor-container elementor-column-gap-extended\">\n                <div class=\"elementor-column elementor-col-100 elementor-top-column elementor-element elementor-element-e0dbb0a pxl-column-none pxl-column-overflow-hidden-no\" data-id=\"e0dbb0a\" data-element_type=\"column\" data-settings=\"{&quot;background_background&quot;:&quot;classic&quot;}\">\r\n        <div class=\"elementor-widget-wrap elementor-element-populated\">\r\n                     \r\n        \t\t<div class=\"elementor-element elementor-element-8b7bce6 elementor-widget elementor-widget-pxl_contact_form\" data-id=\"8b7bce6\" data-element_type=\"widget\" data-widget_type=\"pxl_contact_form.default\">\n\t\t\t\t<div class=\"elementor-widget-container\">\n\t\t\t\t\t    <div class=\"pxl-contact-form pxl-contact-form1 btn-default btn-w-full\" data-wow-delay=\"ms\">\r\n        \n<div class=\"wpcf7 no-js\" id=\"wpcf7-f753-o1\" lang=\"en-US\" dir=\"ltr\" data-wpcf7-id=\"753\">\n<div class=\"screen-reader-response\"><p role=\"status\" aria-live=\"polite\" aria-atomic=\"true\"><\/p> <ul><\/ul><\/div>\n<form action=\"\/en\/wp-json\/wp\/v2\/pages\/21#wpcf7-f753-o1\" method=\"post\" class=\"wpcf7-form init\" aria-label=\"Contact form\" novalidate=\"novalidate\" data-status=\"init\" data-trp-original-action=\"\/en\/wp-json\/wp\/v2\/pages\/21#wpcf7-f753-o1\">\n<fieldset class=\"hidden-fields-container\"><input type=\"hidden\" name=\"_wpcf7\" value=\"753\" \/><input type=\"hidden\" name=\"_wpcf7_version\" value=\"6.1\" \/><input type=\"hidden\" name=\"_wpcf7_locale\" value=\"en_US\" \/><input type=\"hidden\" name=\"_wpcf7_unit_tag\" value=\"wpcf7-f753-o1\" \/><input type=\"hidden\" name=\"_wpcf7_container_post\" value=\"0\" \/><input type=\"hidden\" name=\"_wpcf7_posted_data_hash\" value=\"\" \/>\n<\/fieldset>\n<div class=\"wp-row-ctf7\">\n\t<div class=\"row input-contact\">\n\t\t<div class=\"col-xl-12 col-lg-12 col-md-12 col-sm-12\">\n\t\t\t<div class=\"input-filled\">\n\t\t\t\t<p><span class=\"wpcf7-form-control-wrap\" data-name=\"your-company\"><input size=\"40\" maxlength=\"400\" class=\"wpcf7-form-control wpcf7-text wpcf7-validates-as-required\" aria-required=\"true\" aria-invalid=\"false\" placeholder=\"Nom de l\u2019entreprise*\" value=\"\" type=\"text\" name=\"your-company\" \/><\/span>\n\t\t\t\t<\/p>\n\t\t\t<\/div>\n\t\t\t<div class=\"input-filled\">\n\t\t\t\t<p><span class=\"wpcf7-form-control-wrap\" data-name=\"your-name\"><input size=\"40\" maxlength=\"400\" class=\"wpcf7-form-control wpcf7-text wpcf7-validates-as-required\" aria-required=\"true\" aria-invalid=\"false\" placeholder=\"Nom et pr\u00e9nom du contact*\" value=\"\" type=\"text\" name=\"your-name\" \/><\/span>\n\t\t\t\t<\/p>\n\t\t\t<\/div>\n\t\t\t<div class=\"input-filled\">\n\t\t\t\t<p><span class=\"wpcf7-form-control-wrap\" data-name=\"your-email\"><input size=\"40\" maxlength=\"400\" class=\"wpcf7-form-control wpcf7-email wpcf7-validates-as-required wpcf7-text wpcf7-validates-as-email\" autocomplete=\"email\" aria-required=\"true\" aria-invalid=\"false\" placeholder=\"Adresse email professionnelle*\" value=\"\" type=\"email\" name=\"your-email\" \/><\/span>\n\t\t\t\t<\/p>\n\t\t\t<\/div>\n\t\t\t<div class=\"input-filled\">\n\t\t\t\t<p><span class=\"wpcf7-form-control-wrap\" data-name=\"your-phone\"><input size=\"40\" maxlength=\"400\" class=\"wpcf7-form-control wpcf7-text wpcf7-validates-as-required\" aria-required=\"true\" aria-invalid=\"false\" placeholder=\"T\u00e9l\u00e9phone professionnel*\" value=\"\" type=\"text\" name=\"your-phone\" \/><\/span>\n\t\t\t\t<\/p>\n\t\t\t<\/div>\n\t\t\t<div class=\"input-filled\">\n\t\t\t\t<p><span class=\"wpcf7-form-control-wrap\" data-name=\"your-inquiry-type\"><select class=\"wpcf7-form-control wpcf7-select wpcf7-validates-as-required\" aria-required=\"true\" aria-invalid=\"false\" name=\"your-inquiry-type\"><option value=\"\">&#8212;Please choose an option&#8212;<\/option><option value=\"Choisissez un service*\">Choisissez un service*<\/option><option value=\"Import \/ Export\">Import \/ Export<\/option><option value=\"Sourcing international\">Sourcing international<\/option><option value=\"Approvisionnement technique\">Approvisionnement technique<\/option><option value=\"Achats produits\">Achats produits<\/option><option value=\"Assistance technique\">Assistance technique<\/option><option value=\"Maintenance Industrielle\">Maintenance Industrielle<\/option><\/select><\/span>\n\t\t\t\t<\/p>\n\t\t\t<\/div>\n\t\t\t<div class=\"input-filled\">\n\t\t\t\t<p><span class=\"wpcf7-form-control-wrap\" data-name=\"your-message\"><textarea cols=\"5\" rows=\"3\" maxlength=\"2000\" class=\"wpcf7-form-control wpcf7-textarea\" aria-invalid=\"false\" placeholder=\"D\u00e9crivez bri\u00e8vement votre besoin\" name=\"your-message\"><\/textarea><\/span>\n\t\t\t\t<\/p>\n\t\t\t<\/div>\n\t\t\t<div class=\"input-filled input-filled-btn\">\n\t\t\t\t<p><input class=\"wpcf7-form-control wpcf7-submit has-spinner\" type=\"submit\" value=\"Send\" \/>\n\t\t\t\t<\/p>\n\t\t\t<\/div>\n\t\t<\/div>\n\t<\/div>\n<\/div><p style=\"display: none !important;\" class=\"akismet-fields-container\" data-prefix=\"_wpcf7_ak_\"><label>&#916;<textarea name=\"_wpcf7_ak_hp_textarea\" cols=\"45\" rows=\"8\" maxlength=\"100\"><\/textarea><\/label><input type=\"hidden\" id=\"ak_js_1\" name=\"_wpcf7_ak_js\" value=\"147\"\/><script>document.getElementById( \"ak_js_1\" ).setAttribute( \"value\", ( new Date() ).getTime() );<\/script><\/p><div class=\"wpcf7-response-output\" aria-hidden=\"true\"><\/div>\n<input type=\"hidden\" name=\"trp-form-language\" value=\"en\"\/><\/form>\n<\/div>\n    <\/div>\r\n\t\t\t\t<\/div>\n\t\t\t\t<\/div>\n\t\t            <\/div>\r\n        <\/div>\r\n        \t\t\t<\/div>\n\t\t<\/section>\n\t\t\t\t<\/div>","protected":false},"excerpt":{"rendered":"<p>DEMANDE DE DEVIS Contactez-nous d\u00e8s maintenant pour obtenir une estimation adapt\u00e9e \u00e0 vos besoins. Notre \u00e9quipe est disponible pour vous conseiller et vous accompagner dans vos projets . Un expert vous r\u00e9pond sous 24h. \u00a0 Choisissez un service*Import \/ ExportSourcing internationalApprovisionnement techniqueAchats produitsAssistance techniqueMaintenance Industrielle &#916;<\/p>","protected":false},"author":1,"featured_media":0,"parent":0,"menu_order":0,"comment_status":"closed","ping_status":"closed","template":"","meta":{"footnotes":""},"class_list":["post-21","page","type-page","status-publish","hentry"],"yoast_head":"<!-- This site is optimized with the Yoast SEO Premium plugin v25.2 (Yoast SEO v25.2) - https:\/\/yoast.com\/wordpress\/plugins\/seo\/ -->\n<title>Devis Gratuit SD Group | \u00c9quipements et Solutions Industrielles<\/title>\n<meta name=\"description\" content=\"Obtenez un devis gratuit avec SD Group pour vos besoins en \u00e9quipements industriels, solutions logistiques, import-export et maintenance en Afrique de l\u2019Ouest. R\u00e9ponse rapide et personnalis\u00e9e.\" \/>\n<meta name=\"robots\" content=\"index, follow, max-snippet:-1, max-image-preview:large, max-video-preview:-1\" \/>\n<link rel=\"canonical\" href=\"https:\/\/sdgroup.sn\/en\/devis-gratuit-sd-group\/\" \/>\n<meta property=\"og:locale\" content=\"en_US\" \/>\n<meta property=\"og:type\" content=\"article\" \/>\n<meta property=\"og:title\" content=\"Devis gratuit\" \/>\n<meta property=\"og:description\" content=\"Obtenez un devis gratuit avec SD Group pour vos besoins en \u00e9quipements industriels, solutions logistiques, import-export et maintenance en Afrique de l\u2019Ouest. R\u00e9ponse rapide et personnalis\u00e9e.\" \/>\n<meta property=\"og:url\" content=\"https:\/\/sdgroup.sn\/en\/devis-gratuit-sd-group\/\" \/>\n<meta property=\"og:site_name\" content=\"Industio\" \/>\n<meta property=\"article:modified_time\" content=\"2025-09-01T11:10:12+00:00\" \/>\n<meta name=\"twitter:card\" content=\"summary_large_image\" \/>\n<meta name=\"twitter:label1\" content=\"Est. reading time\" \/>\n\t<meta name=\"twitter:data1\" content=\"1 minute\" \/>\n<script type=\"application\/ld+json\" class=\"yoast-schema-graph\">{\"@context\":\"https:\/\/schema.org\",\"@graph\":[{\"@type\":\"WebPage\",\"@id\":\"https:\/\/sdgroup.sn\/devis-gratuit-sd-group\/\",\"url\":\"https:\/\/sdgroup.sn\/devis-gratuit-sd-group\/\",\"name\":\"Devis Gratuit SD Group | \u00c9quipements et Solutions Industrielles\",\"isPartOf\":{\"@id\":\"https:\/\/sdgroup.sn\/#website\"},\"datePublished\":\"2024-06-20T08:46:54+00:00\",\"dateModified\":\"2025-09-01T11:10:12+00:00\",\"description\":\"Obtenez un devis gratuit avec SD Group pour vos besoins en \u00e9quipements industriels, solutions logistiques, import-export et maintenance en Afrique de l\u2019Ouest. R\u00e9ponse rapide et personnalis\u00e9e.\",\"breadcrumb\":{\"@id\":\"https:\/\/sdgroup.sn\/devis-gratuit-sd-group\/#breadcrumb\"},\"inLanguage\":\"en-US\",\"potentialAction\":[{\"@type\":\"ReadAction\",\"target\":[\"https:\/\/sdgroup.sn\/devis-gratuit-sd-group\/\"]}]},{\"@type\":\"BreadcrumbList\",\"@id\":\"https:\/\/sdgroup.sn\/devis-gratuit-sd-group\/#breadcrumb\",\"itemListElement\":[{\"@type\":\"ListItem\",\"position\":1,\"name\":\"Home\",\"item\":\"https:\/\/sdgroup.sn\/\"},{\"@type\":\"ListItem\",\"position\":2,\"name\":\"Devis gratuit\"}]},{\"@type\":\"WebSite\",\"@id\":\"https:\/\/sdgroup.sn\/#website\",\"url\":\"https:\/\/sdgroup.sn\/\",\"name\":\"Industio\",\"description\":\"Industrial Industry &amp; Factory\",\"potentialAction\":[{\"@type\":\"SearchAction\",\"target\":{\"@type\":\"EntryPoint\",\"urlTemplate\":\"https:\/\/sdgroup.sn\/?s={search_term_string}\"},\"query-input\":{\"@type\":\"PropertyValueSpecification\",\"valueRequired\":true,\"valueName\":\"search_term_string\"}}],\"inLanguage\":\"en-US\"}]}<\/script>\n<!-- \/ Yoast SEO Premium plugin. -->","yoast_head_json":{"title":"Devis Gratuit SD Group | \u00c9quipements et Solutions Industrielles","description":"Obtenez un devis gratuit avec SD Group pour vos besoins en \u00e9quipements industriels, solutions logistiques, import-export et maintenance en Afrique de l\u2019Ouest. R\u00e9ponse rapide et personnalis\u00e9e.","robots":{"index":"index","follow":"follow","max-snippet":"max-snippet:-1","max-image-preview":"max-image-preview:large","max-video-preview":"max-video-preview:-1"},"canonical":"https:\/\/sdgroup.sn\/en\/devis-gratuit-sd-group\/","og_locale":"en_US","og_type":"article","og_title":"Devis gratuit","og_description":"Obtenez un devis gratuit avec SD Group pour vos besoins en \u00e9quipements industriels, solutions logistiques, import-export et maintenance en Afrique de l\u2019Ouest. R\u00e9ponse rapide et personnalis\u00e9e.","og_url":"https:\/\/sdgroup.sn\/en\/devis-gratuit-sd-group\/","og_site_name":"Industio","article_modified_time":"2025-09-01T11:10:12+00:00","twitter_card":"summary_large_image","twitter_misc":{"Est. reading time":"1 minute"},"schema":{"@context":"https:\/\/schema.org","@graph":[{"@type":"WebPage","@id":"https:\/\/sdgroup.sn\/devis-gratuit-sd-group\/","url":"https:\/\/sdgroup.sn\/devis-gratuit-sd-group\/","name":"Devis Gratuit SD Group | \u00c9quipements et Solutions Industrielles","isPartOf":{"@id":"https:\/\/sdgroup.sn\/#website"},"datePublished":"2024-06-20T08:46:54+00:00","dateModified":"2025-09-01T11:10:12+00:00","description":"Obtenez un devis gratuit avec SD Group pour vos besoins en \u00e9quipements industriels, solutions logistiques, import-export et maintenance en Afrique de l\u2019Ouest. R\u00e9ponse rapide et personnalis\u00e9e.","breadcrumb":{"@id":"https:\/\/sdgroup.sn\/devis-gratuit-sd-group\/#breadcrumb"},"inLanguage":"en-US","potentialAction":[{"@type":"ReadAction","target":["https:\/\/sdgroup.sn\/devis-gratuit-sd-group\/"]}]},{"@type":"BreadcrumbList","@id":"https:\/\/sdgroup.sn\/devis-gratuit-sd-group\/#breadcrumb","itemListElement":[{"@type":"ListItem","position":1,"name":"Home","item":"https:\/\/sdgroup.sn\/"},{"@type":"ListItem","position":2,"name":"Devis gratuit"}]},{"@type":"WebSite","@id":"https:\/\/sdgroup.sn\/#website","url":"https:\/\/sdgroup.sn\/","name":"Industio","description":"Industrial Industry &amp; Factory","potentialAction":[{"@type":"SearchAction","target":{"@type":"EntryPoint","urlTemplate":"https:\/\/sdgroup.sn\/?s={search_term_string}"},"query-input":{"@type":"PropertyValueSpecification","valueRequired":true,"valueName":"search_term_string"}}],"inLanguage":"en-US"}]}},"_links":{"self":[{"href":"https:\/\/sdgroup.sn\/en\/wp-json\/wp\/v2\/pages\/21","targetHints":{"allow":["GET"]}}],"collection":[{"href":"https:\/\/sdgroup.sn\/en\/wp-json\/wp\/v2\/pages"}],"about":[{"href":"https:\/\/sdgroup.sn\/en\/wp-json\/wp\/v2\/types\/page"}],"author":[{"embeddable":true,"href":"https:\/\/sdgroup.sn\/en\/wp-json\/wp\/v2\/users\/1"}],"replies":[{"embeddable":true,"href":"https:\/\/sdgroup.sn\/en\/wp-json\/wp\/v2\/comments?post=21"}],"version-history":[{"count":95,"href":"https:\/\/sdgroup.sn\/en\/wp-json\/wp\/v2\/pages\/21\/revisions"}],"predecessor-version":[{"id":23746,"href":"https:\/\/sdgroup.sn\/en\/wp-json\/wp\/v2\/pages\/21\/revisions\/23746"}],"wp:attachment":[{"href":"https:\/\/sdgroup.sn\/en\/wp-json\/wp\/v2\/media?parent=21"}],"curies":[{"name":"wp","href":"https:\/\/api.w.org\/{rel}","templated":true}]}}